{"id":2,"date":"2024-10-01T07:57:46","date_gmt":"2024-10-01T07:57:46","guid":{"rendered":"https:\/\/barmadariaga.rkinformatika.online\/?page_id=2"},"modified":"2025-03-26T12:42:41","modified_gmt":"2025-03-26T12:42:41","slug":"inicio","status":"publish","type":"page","link":"https:\/\/barmamaines.com\/eu\/","title":{"rendered":"Hasiera"},"content":{"rendered":"<div data-elementor-type=\"wp-page\" data-elementor-id=\"2\" class=\"elementor elementor-2\" data-elementor-post-type=\"page\">\n\t\t\t\t\t\t<section class=\"elementor-section elementor-top-section elementor-element elementor-element-e017a01 elementor-section-boxed elementor-section-height-default elementor-section-height-default\" data-id=\"e017a01\" data-element_type=\"section\" data-e-type=\"section\">\n\t\t\t\t\t\t\t<div class=\"elementor-background-overlay\"><\/div>\n\t\t\t\t\t\t\t<div class=\"elementor-container elementor-column-gap-default\">\n\t\t\t\t\t<div class=\"elementor-column elementor-col-100 elementor-top-column elementor-element elementor-element-01285d4\" data-id=\"01285d4\" data-element_type=\"column\" data-e-type=\"column\">\n\t\t\t<div class=\"elementor-widget-wrap\">\n\t\t\t\t\t\t\t<\/div>\n\t\t<\/div>\n\t\t\t\t\t<\/div>\n\t\t<\/section>\n\t\t\t\t<section class=\"elementor-section elementor-top-section elementor-element elementor-element-5d9377e3 elementor-section-content-middle elementor-section-boxed elementor-section-height-default elementor-section-height-default\" data-id=\"5d9377e3\" data-element_type=\"section\" data-e-type=\"section\" data-settings=\"{&quot;background_background&quot;:&quot;classic&quot;}\">\n\t\t\t\t\t\t\t<div class=\"elementor-background-overlay\"><\/div>\n\t\t\t\t\t\t\t<div class=\"elementor-container elementor-column-gap-default\">\n\t\t\t\t\t<div class=\"elementor-column elementor-col-50 elementor-top-column elementor-element elementor-element-773819b5 elementor-invisible\" data-id=\"773819b5\" data-element_type=\"column\" data-e-type=\"column\" data-settings=\"{&quot;animation&quot;:&quot;fadeInLeft&quot;}\">\n\t\t\t<div class=\"elementor-widget-wrap elementor-element-populated\">\n\t\t\t\t\t\t<div class=\"elementor-element elementor-element-3bc6d5b4 elementor-invisible elementor-widget elementor-widget-heading\" data-id=\"3bc6d5b4\" data-element_type=\"widget\" data-e-type=\"widget\" data-settings=\"{&quot;_animation&quot;:&quot;fadeInUp&quot;}\" data-widget_type=\"heading.default\">\n\t\t\t\t<div class=\"elementor-widget-container\">\n\t\t\t\t\t<h6 class=\"elementor-heading-title elementor-size-default\">Nor garen<\/h6>\t\t\t\t<\/div>\n\t\t\t\t<\/div>\n\t\t\t\t<div class=\"elementor-element elementor-element-e04149f elementor-invisible elementor-widget elementor-widget-heading\" data-id=\"e04149f\" data-element_type=\"widget\" data-e-type=\"widget\" data-settings=\"{&quot;_animation&quot;:&quot;fadeInUp&quot;}\" data-widget_type=\"heading.default\">\n\t\t\t\t<div class=\"elementor-widget-container\">\n\t\t\t\t\t<h2 class=\"elementor-heading-title elementor-size-default\">Bar Mama In\u00e9s <\/h2>\t\t\t\t<\/div>\n\t\t\t\t<\/div>\n\t\t\t\t<div class=\"elementor-element elementor-element-5c24a83a elementor-invisible elementor-widget elementor-widget-text-editor\" data-id=\"5c24a83a\" data-element_type=\"widget\" data-e-type=\"widget\" data-settings=\"{&quot;_animation&quot;:&quot;fadeInUp&quot;}\" data-widget_type=\"text-editor.default\">\n\t\t\t\t<div class=\"elementor-widget-container\">\n\t\t\t\t\t\t\t\t\t<p>Mam\u00e1 Ines tabernan, 2014tik, San Mameseko txokorik gogokoena gara, eta bertan giro ona eta eskaintza gastronomiko jasanezina uztartzen ditugu. Gozatu gure garagardo, ardo eta likore aukeraz, nazionalak zein inportatuak, solomo bokata gozoekin gaztarekin, oilasko marinatuarekin edo etxeko tortillarekin, baita hanburgesekin, txakurtxo beroekin, Kolonbiako enpanadekin, arroz txinatarrarekin eta patata frijituekin ere. Une handiak janari onarekin eta konpainia hobearekin partekatzeko leku ezin hobea.<\/p><p>10:00etatik aurrera irekiko dugu San Mames estadioko partida egunetan!<\/p><p>Zatoz eskaintza gastronomiko bikainaz eta giro paregabeaz gozatzera partidaren aurretik.<\/p>\t\t\t\t\t\t\t\t<\/div>\n\t\t\t\t<\/div>\n\t\t\t\t\t<\/div>\n\t\t<\/div>\n\t\t\t\t<div class=\"elementor-column elementor-col-50 elementor-top-column elementor-element elementor-element-198b79f5\" data-id=\"198b79f5\" data-element_type=\"column\" data-e-type=\"column\">\n\t\t\t<div class=\"elementor-widget-wrap elementor-element-populated\">\n\t\t\t\t\t\t<section class=\"elementor-section elementor-inner-section elementor-element elementor-element-12ffd329 elementor-section-boxed elementor-section-height-default elementor-section-height-default\" data-id=\"12ffd329\" data-element_type=\"section\" data-e-type=\"section\">\n\t\t\t\t\t\t<div class=\"elementor-container elementor-column-gap-default\">\n\t\t\t\t\t<div class=\"elementor-column elementor-col-100 elementor-inner-column elementor-element elementor-element-34b1871e elementor-invisible\" data-id=\"34b1871e\" data-element_type=\"column\" data-e-type=\"column\" data-settings=\"{&quot;animation&quot;:&quot;fadeInUp&quot;}\">\n\t\t\t<div class=\"elementor-widget-wrap elementor-element-populated\">\n\t\t\t\t\t\t<div class=\"elementor-element elementor-element-4b82cd78 elementor-widget elementor-widget-image\" data-id=\"4b82cd78\" data-element_type=\"widget\" data-e-type=\"widget\" data-widget_type=\"image.default\">\n\t\t\t\t<div class=\"elementor-widget-container\">\n\t\t\t\t\t\t\t\t\t\t\t\t\t\t\t<img fetchpriority=\"high\" decoding=\"async\" width=\"471\" height=\"788\" src=\"https:\/\/barmamaines.com\/wp-content\/uploads\/2025\/03\/Captura-desde-2025-03-19-11-54-44.png\" class=\"attachment-full size-full wp-image-1356\" alt=\"\" srcset=\"https:\/\/barmamaines.com\/wp-content\/uploads\/2025\/03\/Captura-desde-2025-03-19-11-54-44.png 471w, https:\/\/barmamaines.com\/wp-content\/uploads\/2025\/03\/Captura-desde-2025-03-19-11-54-44-179x300.png 179w, https:\/\/barmamaines.com\/wp-content\/uploads\/2025\/03\/Captura-desde-2025-03-19-11-54-44-7x12.png 7w\" sizes=\"(max-width: 471px) 100vw, 471px\" \/>\t\t\t\t\t\t\t\t\t\t\t\t\t\t\t<\/div>\n\t\t\t\t<\/div>\n\t\t\t\t\t<\/div>\n\t\t<\/div>\n\t\t\t\t\t<\/div>\n\t\t<\/section>\n\t\t\t\t\t<\/div>\n\t\t<\/div>\n\t\t\t\t\t<\/div>\n\t\t<\/section>\n\t\t<div class=\"elementor-element elementor-element-a618a4b e-flex e-con-boxed e-con e-parent\" data-id=\"a618a4b\" data-element_type=\"container\" data-e-type=\"container\">\n\t\t\t\t\t<div class=\"e-con-inner\">\n\t\t\t\t<div class=\"elementor-element elementor-element-491e170 elementor-cta--skin-classic elementor-animated-content elementor-bg-transform elementor-bg-transform-zoom-in elementor-widget elementor-widget-call-to-action\" data-id=\"491e170\" data-element_type=\"widget\" data-e-type=\"widget\" data-widget_type=\"call-to-action.default\">\n\t\t\t\t<div class=\"elementor-widget-container\">\n\t\t\t\t\t\t\t<div class=\"elementor-cta\">\n\t\t\t\t\t<div class=\"elementor-cta__bg-wrapper\">\n\t\t\t\t<div class=\"elementor-cta__bg elementor-bg\" style=\"background-image: url(https:\/\/barmamaines.com\/wp-content\/uploads\/2025\/03\/IMG-20250305-WA0009-Franky-Serrano-tello-1024x473.jpg);\" role=\"img\" aria-label=\"IMG-20250305-WA0009 - Franky Serrano tello\"><\/div>\n\t\t\t\t<div class=\"elementor-cta__bg-overlay\"><\/div>\n\t\t\t<\/div>\n\t\t\t\t\t\t\t<div class=\"elementor-cta__content\">\n\t\t\t\t\n\t\t\t\t\t\t\t\t\t<h2 class=\"elementor-cta__title elementor-cta__content-item elementor-content-item\">\n\t\t\t\t\t\tZure topagunea San Mamesen\t\t\t\t\t<\/h2>\n\t\t\t\t\n\t\t\t\t\t\t\t\t\t<div class=\"elementor-cta__description elementor-cta__content-item elementor-content-item\">\n\t\t\t\t\t\tZatoz Bar Mama Ines tabernaren zaporeaz eta abegikortasunaz gozatzera!\t\t\t\t\t<\/div>\n\t\t\t\t\n\t\t\t\t\t\t\t\t\t<div class=\"elementor-cta__button-wrapper elementor-cta__content-item elementor-content-item\">\n\t\t\t\t\t<a class=\"elementor-cta__button elementor-button elementor-size-\" href=\"https:\/\/barmamaines.com\/eu\/productos\/\">\n\t\t\t\t\t\tProduktuak\t\t\t\t\t<\/a>\n\t\t\t\t\t<\/div>\n\t\t\t\t\t\t\t<\/div>\n\t\t\t\t\t\t<\/div>\n\t\t\t\t\t\t<\/div>\n\t\t\t\t<\/div>\n\t\t\t\t\t<\/div>\n\t\t\t\t<\/div>\n\t\t\t\t<\/div>","protected":false},"excerpt":{"rendered":"<p>Qui\u00e9nes somos Bar Mama In\u00e9s En Bar Mam\u00e1 In\u00e9s, desde 2014, somos el rinc\u00f3n favorito de San Mam\u00e9s, donde combinamos buen ambiente con una oferta gastron\u00f3mica irresistible. Disfruta de nuestra selecci\u00f3n de cervezas, vinos y licores, tanto nacionales como importados, acompa\u00f1ados de deliciosos bocatas de lomo con queso, pollo marinado o tortilla casera, adem\u00e1s de [&hellip;]<\/p>\n","protected":false},"author":4,"featured_media":0,"parent":0,"menu_order":0,"comment_status":"closed","ping_status":"closed","template":"elementor_canvas","meta":{"footnotes":""},"class_list":["post-2","page","type-page","status-publish","hentry"],"yoast_head":"<!-- This site is optimized with the Yoast SEO plugin v27.3 - https:\/\/yoast.com\/product\/yoast-seo-wordpress\/ -->\n<title>Inicio - Bar Mama Ines<\/title>\n<meta name=\"robots\" content=\"index, follow, max-snippet:-1, max-image-preview:large, max-video-preview:-1\" \/>\n<link rel=\"canonical\" href=\"https:\/\/barmamaines.com\/eu\/\" \/>\n<meta property=\"og:locale\" content=\"en_US\" \/>\n<meta property=\"og:type\" content=\"article\" \/>\n<meta property=\"og:title\" content=\"Inicio - Bar Mama Ines\" \/>\n<meta property=\"og:description\" content=\"Qui\u00e9nes somos Bar Mama In\u00e9s En Bar Mam\u00e1 In\u00e9s, desde 2014, somos el rinc\u00f3n favorito de San Mam\u00e9s, donde combinamos buen ambiente con una oferta gastron\u00f3mica irresistible. Disfruta de nuestra selecci\u00f3n de cervezas, vinos y licores, tanto nacionales como importados, acompa\u00f1ados de deliciosos bocatas de lomo con queso, pollo marinado o tortilla casera, adem\u00e1s de [&hellip;]\" \/>\n<meta property=\"og:url\" content=\"https:\/\/barmamaines.com\/eu\/\" \/>\n<meta property=\"og:site_name\" content=\"Bar Mama Ines\" \/>\n<meta property=\"article:modified_time\" content=\"2025-03-26T12:42:41+00:00\" \/>\n<meta property=\"og:image\" content=\"https:\/\/barmamaines.com\/wp-content\/uploads\/2025\/03\/Captura-desde-2025-03-19-11-54-44.png\" \/>\n\t<meta property=\"og:image:width\" content=\"471\" \/>\n\t<meta property=\"og:image:height\" content=\"788\" \/>\n\t<meta property=\"og:image:type\" content=\"image\/png\" \/>\n<meta name=\"twitter:card\" content=\"summary_large_image\" \/>\n<meta name=\"twitter:label1\" content=\"Est. reading time\" \/>\n\t<meta name=\"twitter:data1\" content=\"1 minutua\" \/>\n<script type=\"application\/ld+json\" class=\"yoast-schema-graph\">{\"@context\":\"https:\\\/\\\/schema.org\",\"@graph\":[{\"@type\":\"WebPage\",\"@id\":\"https:\\\/\\\/barmamaines.com\\\/\",\"url\":\"https:\\\/\\\/barmamaines.com\\\/\",\"name\":\"Inicio - Bar Mama Ines\",\"isPartOf\":{\"@id\":\"https:\\\/\\\/barmamaines.com\\\/#website\"},\"primaryImageOfPage\":{\"@id\":\"https:\\\/\\\/barmamaines.com\\\/#primaryimage\"},\"image\":{\"@id\":\"https:\\\/\\\/barmamaines.com\\\/#primaryimage\"},\"thumbnailUrl\":\"https:\\\/\\\/barmamaines.com\\\/wp-content\\\/uploads\\\/2025\\\/03\\\/Captura-desde-2025-03-19-11-54-44.png\",\"datePublished\":\"2024-10-01T07:57:46+00:00\",\"dateModified\":\"2025-03-26T12:42:41+00:00\",\"breadcrumb\":{\"@id\":\"https:\\\/\\\/barmamaines.com\\\/#breadcrumb\"},\"inLanguage\":\"eu\",\"potentialAction\":[{\"@type\":\"ReadAction\",\"target\":[\"https:\\\/\\\/barmamaines.com\\\/\"]}]},{\"@type\":\"ImageObject\",\"inLanguage\":\"eu\",\"@id\":\"https:\\\/\\\/barmamaines.com\\\/#primaryimage\",\"url\":\"https:\\\/\\\/barmamaines.com\\\/wp-content\\\/uploads\\\/2025\\\/03\\\/Captura-desde-2025-03-19-11-54-44.png\",\"contentUrl\":\"https:\\\/\\\/barmamaines.com\\\/wp-content\\\/uploads\\\/2025\\\/03\\\/Captura-desde-2025-03-19-11-54-44.png\"},{\"@type\":\"BreadcrumbList\",\"@id\":\"https:\\\/\\\/barmamaines.com\\\/#breadcrumb\",\"itemListElement\":[{\"@type\":\"ListItem\",\"position\":1,\"name\":\"Portada\",\"item\":\"https:\\\/\\\/barmamaines.com\\\/\"},{\"@type\":\"ListItem\",\"position\":2,\"name\":\"Inicio\"}]},{\"@type\":\"WebSite\",\"@id\":\"https:\\\/\\\/barmamaines.com\\\/#website\",\"url\":\"https:\\\/\\\/barmamaines.com\\\/\",\"name\":\"Bar Mama Ines\",\"description\":\"Venta de licores, bocadillos y comida r\u00e1pida \",\"publisher\":{\"@id\":\"https:\\\/\\\/barmamaines.com\\\/#organization\"},\"potentialAction\":[{\"@type\":\"SearchAction\",\"target\":{\"@type\":\"EntryPoint\",\"urlTemplate\":\"https:\\\/\\\/barmamaines.com\\\/?s={search_term_string}\"},\"query-input\":{\"@type\":\"PropertyValueSpecification\",\"valueRequired\":true,\"valueName\":\"search_term_string\"}}],\"inLanguage\":\"eu\"},{\"@type\":\"Organization\",\"@id\":\"https:\\\/\\\/barmamaines.com\\\/#organization\",\"name\":\"Bar Mama Ines\",\"url\":\"https:\\\/\\\/barmamaines.com\\\/\",\"logo\":{\"@type\":\"ImageObject\",\"inLanguage\":\"eu\",\"@id\":\"https:\\\/\\\/barmamaines.com\\\/#\\\/schema\\\/logo\\\/image\\\/\",\"url\":\"https:\\\/\\\/barmamaines.com\\\/wp-content\\\/uploads\\\/2025\\\/03\\\/cropped-Design-sem-nome.png\",\"contentUrl\":\"https:\\\/\\\/barmamaines.com\\\/wp-content\\\/uploads\\\/2025\\\/03\\\/cropped-Design-sem-nome.png\",\"width\":500,\"height\":151,\"caption\":\"Bar Mama Ines\"},\"image\":{\"@id\":\"https:\\\/\\\/barmamaines.com\\\/#\\\/schema\\\/logo\\\/image\\\/\"}}]}<\/script>\n<!-- \/ Yoast SEO plugin. -->","yoast_head_json":{"title":"Inicio - Bar Mama Ines","robots":{"index":"index","follow":"follow","max-snippet":"max-snippet:-1","max-image-preview":"max-image-preview:large","max-video-preview":"max-video-preview:-1"},"canonical":"https:\/\/barmamaines.com\/eu\/","og_locale":"en_US","og_type":"article","og_title":"Inicio - Bar Mama Ines","og_description":"Qui\u00e9nes somos Bar Mama In\u00e9s En Bar Mam\u00e1 In\u00e9s, desde 2014, somos el rinc\u00f3n favorito de San Mam\u00e9s, donde combinamos buen ambiente con una oferta gastron\u00f3mica irresistible. Disfruta de nuestra selecci\u00f3n de cervezas, vinos y licores, tanto nacionales como importados, acompa\u00f1ados de deliciosos bocatas de lomo con queso, pollo marinado o tortilla casera, adem\u00e1s de [&hellip;]","og_url":"https:\/\/barmamaines.com\/eu\/","og_site_name":"Bar Mama Ines","article_modified_time":"2025-03-26T12:42:41+00:00","og_image":[{"width":471,"height":788,"url":"https:\/\/barmamaines.com\/wp-content\/uploads\/2025\/03\/Captura-desde-2025-03-19-11-54-44.png","type":"image\/png"}],"twitter_card":"summary_large_image","twitter_misc":{"Est. reading time":"1 minutua"},"schema":{"@context":"https:\/\/schema.org","@graph":[{"@type":"WebPage","@id":"https:\/\/barmamaines.com\/","url":"https:\/\/barmamaines.com\/","name":"Inicio - Bar Mama Ines","isPartOf":{"@id":"https:\/\/barmamaines.com\/#website"},"primaryImageOfPage":{"@id":"https:\/\/barmamaines.com\/#primaryimage"},"image":{"@id":"https:\/\/barmamaines.com\/#primaryimage"},"thumbnailUrl":"https:\/\/barmamaines.com\/wp-content\/uploads\/2025\/03\/Captura-desde-2025-03-19-11-54-44.png","datePublished":"2024-10-01T07:57:46+00:00","dateModified":"2025-03-26T12:42:41+00:00","breadcrumb":{"@id":"https:\/\/barmamaines.com\/#breadcrumb"},"inLanguage":"eu","potentialAction":[{"@type":"ReadAction","target":["https:\/\/barmamaines.com\/"]}]},{"@type":"ImageObject","inLanguage":"eu","@id":"https:\/\/barmamaines.com\/#primaryimage","url":"https:\/\/barmamaines.com\/wp-content\/uploads\/2025\/03\/Captura-desde-2025-03-19-11-54-44.png","contentUrl":"https:\/\/barmamaines.com\/wp-content\/uploads\/2025\/03\/Captura-desde-2025-03-19-11-54-44.png"},{"@type":"BreadcrumbList","@id":"https:\/\/barmamaines.com\/#breadcrumb","itemListElement":[{"@type":"ListItem","position":1,"name":"Portada","item":"https:\/\/barmamaines.com\/"},{"@type":"ListItem","position":2,"name":"Inicio"}]},{"@type":"WebSite","@id":"https:\/\/barmamaines.com\/#website","url":"https:\/\/barmamaines.com\/","name":"Bar Mama Ines","description":"Venta de licores, bocadillos y comida r\u00e1pida","publisher":{"@id":"https:\/\/barmamaines.com\/#organization"},"potentialAction":[{"@type":"SearchAction","target":{"@type":"EntryPoint","urlTemplate":"https:\/\/barmamaines.com\/?s={search_term_string}"},"query-input":{"@type":"PropertyValueSpecification","valueRequired":true,"valueName":"search_term_string"}}],"inLanguage":"eu"},{"@type":"Organization","@id":"https:\/\/barmamaines.com\/#organization","name":"Bar Mama Ines","url":"https:\/\/barmamaines.com\/","logo":{"@type":"ImageObject","inLanguage":"eu","@id":"https:\/\/barmamaines.com\/#\/schema\/logo\/image\/","url":"https:\/\/barmamaines.com\/wp-content\/uploads\/2025\/03\/cropped-Design-sem-nome.png","contentUrl":"https:\/\/barmamaines.com\/wp-content\/uploads\/2025\/03\/cropped-Design-sem-nome.png","width":500,"height":151,"caption":"Bar Mama Ines"},"image":{"@id":"https:\/\/barmamaines.com\/#\/schema\/logo\/image\/"}}]}},"_links":{"self":[{"href":"https:\/\/barmamaines.com\/eu\/wp-json\/wp\/v2\/pages\/2","targetHints":{"allow":["GET"]}}],"collection":[{"href":"https:\/\/barmamaines.com\/eu\/wp-json\/wp\/v2\/pages"}],"about":[{"href":"https:\/\/barmamaines.com\/eu\/wp-json\/wp\/v2\/types\/page"}],"author":[{"embeddable":true,"href":"https:\/\/barmamaines.com\/eu\/wp-json\/wp\/v2\/users\/4"}],"replies":[{"embeddable":true,"href":"https:\/\/barmamaines.com\/eu\/wp-json\/wp\/v2\/comments?post=2"}],"version-history":[{"count":424,"href":"https:\/\/barmamaines.com\/eu\/wp-json\/wp\/v2\/pages\/2\/revisions"}],"predecessor-version":[{"id":1500,"href":"https:\/\/barmamaines.com\/eu\/wp-json\/wp\/v2\/pages\/2\/revisions\/1500"}],"wp:attachment":[{"href":"https:\/\/barmamaines.com\/eu\/wp-json\/wp\/v2\/media?parent=2"}],"curies":[{"name":"wp","href":"https:\/\/api.w.org\/{rel}","templated":true}]}}